{"id":9360,"date":"2025-11-15T16:34:03","date_gmt":"2025-11-15T16:34:03","guid":{"rendered":"https:\/\/mipcare.com\/preguntas-frecuentes-4\/"},"modified":"2025-12-10T17:00:54","modified_gmt":"2025-12-10T17:00:54","slug":"preguntas-frecuentes-4","status":"publish","type":"page","link":"https:\/\/mipcare.com\/es\/inicio-houston\/mpns\/preguntas-frecuentes-4\/","title":{"rendered":"Preguntas Frecuentes"},"content":{"rendered":"\t\t<div data-elementor-type=\"wp-page\" data-elementor-id=\"9360\" class=\"elementor elementor-9360 elementor-7661\" data-elementor-post-type=\"page\">\n\t\t\t\t<div class=\"elementor-element elementor-element-4d734f5 e-con-full e-flex e-con e-parent\" data-id=\"4d734f5\" data-element_type=\"container\" data-e-type=\"container\" data-settings=\"{&quot;background_background&quot;:&quot;classic&quot;}\">\n\t\t\t\t<\/div>\n\t\t<div class=\"elementor-element elementor-element-018754f e-flex e-con-boxed e-con e-parent\" data-id=\"018754f\" data-element_type=\"container\" data-e-type=\"container\">\n\t\t\t\t\t<div class=\"e-con-inner\">\n\t\t\t\t<div class=\"elementor-element elementor-element-b47e4db elementor-widget elementor-widget-heading\" data-id=\"b47e4db\" data-element_type=\"widget\" data-e-type=\"widget\" data-widget_type=\"heading.default\">\n\t\t\t\t<div class=\"elementor-widget-container\">\n\t\t\t\t\t<h1 class=\"elementor-heading-title elementor-size-default\">Preguntas Frecuentes<\/h1>\t\t\t\t<\/div>\n\t\t\t\t<\/div>\n\t\t\t\t<div class=\"elementor-element elementor-element-c2706ce elementor-widget-divider--view-line elementor-widget elementor-widget-divider\" data-id=\"c2706ce\" data-element_type=\"widget\" data-e-type=\"widget\" data-widget_type=\"divider.default\">\n\t\t\t\t<div class=\"elementor-widget-container\">\n\t\t\t\t\t\t\t<div class=\"elementor-divider\">\n\t\t\t<span class=\"elementor-divider-separator\">\n\t\t\t\t\t\t<\/span>\n\t\t<\/div>\n\t\t\t\t\t\t<\/div>\n\t\t\t\t<\/div>\n\t\t\t\t\t<\/div>\n\t\t\t\t<\/div>\n\t\t<div class=\"elementor-element elementor-element-d5ed3eb e-flex e-con-boxed e-con e-parent\" data-id=\"d5ed3eb\" data-element_type=\"container\" data-e-type=\"container\">\n\t\t\t\t\t<div class=\"e-con-inner\">\n\t\t\t\t<div class=\"elementor-element elementor-element-51980cb elementor-widget elementor-widget-text-editor\" data-id=\"51980cb\" data-element_type=\"widget\" data-e-type=\"widget\" data-widget_type=\"text-editor.default\">\n\t\t\t\t<div class=\"elementor-widget-container\">\n\t\t\t\t\t\t\t\t\t<h2><span style=\"text-decoration: underline;\">\u00bfQu\u00e9 es el terapia mPNS?<\/span><\/h2><p><span style=\"font-weight: 400;\">La terapia mPNS o Estimulaci\u00f3n Magn\u00e9tica de Nervios Perif\u00e9ricos es un tratamiento nuevo, avanzado, seguro y eficaz, no farmacol\u00f3gico y no invasivo, para el alivio del dolor cr\u00f3nico. La terapia consiste en la aplicaci\u00f3n local de pulsos magn\u00e9ticos que activan las c\u00e9lulas nerviosas da\u00f1adas en el sitio de la estimulaci\u00f3n.  <\/span><\/p><h2><span style=\"text-decoration: underline;\">\u00bfQu\u00e9 tan efectivo es el tratamiento?<\/span><\/h2><p><span style=\"font-weight: 400;\">Los estudios reportan una reducci\u00f3n promedio del dolor del 54% despu\u00e9s de una sola sesi\u00f3n, con un alivio del 72% hacia la tercera. Los resultados cl\u00ednicos sugieren que los pacientes pueden experimentar hasta un 87% de reducci\u00f3n del dolor al finalizar el tratamiento, con un alivio que a menudo dura varias semanas despu\u00e9s de la terapia. Este nivel de eficacia convierte a mPNS en una opci\u00f3n prometedora para quienes sufren dolor cr\u00f3nico y no han tenido \u00e9xito con otros tratamientos. La efectividad de la terapia puede variar, pero muchos pacientes reportan un alivio significativo y sostenido.   <\/span><\/p><h2><span style=\"text-decoration: underline;\">\u00bfCu\u00e1les son los beneficios de la terapia mPNS?<\/span><\/h2><p><span style=\"font-weight: 400;\">La terapia mPNS ofrece numerosas ventajas, especialmente su enfoque no invasivo e indoloro que reduce la necesidad de opioides, ayudando a disminuir la posible dependencia hasta en un 51%. Adem\u00e1s, los pacientes evitan los efectos secundarios t\u00edpicamente asociados con los medicamentos para el dolor, lo que la convierte en una opci\u00f3n atractiva para el manejo del dolor a largo plazo. <\/span><\/p><h2><span style=\"text-decoration: underline;\">\u00bfCu\u00e1les son los efectos secundarios?<\/span><\/h2><p><span style=\"font-weight: 400;\">La terapia mPNS generalmente presenta efectos secundarios m\u00ednimos o nulos. Los pacientes pueden sentir una ligera sensaci\u00f3n de hormigueo durante el tratamiento, pero suele ser bien tolerada y no provoca molestias duraderas. <\/span><\/p><h2><span style=\"text-decoration: underline;\">\u00bfProduce dolor o incomodidad la terapia mPNS?<\/span><\/h2><p><span style=\"font-weight: 400;\">En general, no. Los pacientes pueden sentir un leve hormigueo, pero lo describen como c\u00f3modo en general. Si se experimenta dolor durante la sesi\u00f3n, debe informarlo a su proveedor.  <\/span><\/p><h2><span style=\"text-decoration: underline;\">\u00bfSe puede combinar esta terapia con otras terapias?<\/span><\/h2><p><span style=\"font-weight: 400;\">S\u00ed, puede complementar de manera segura otras terapias para el manejo del dolor, como la fisioterapia o ciertos medicamentos, dependiendo de la condici\u00f3n del paciente. Esta flexibilidad permite a los profesionales de la salud dise\u00f1ar un plan integral de manejo del dolor. <\/span><\/p><h2><span style=\"text-decoration: underline;\">\u00bfQui\u00e9nes son elegibles para este tratamiento?<\/span><\/h2><p><span style=\"font-weight: 400;\">Este tratamiento est\u00e1 indicado principalmente para personas con dolor cr\u00f3nico debido a lesiones traum\u00e1ticas o complicaciones posteriores a una cirug\u00eda. Tambi\u00e9n puede beneficiar a quienes sufren dolor cr\u00f3nico por alteraciones en los nervios perif\u00e9ricos. Es una alternativa ideal para quienes buscan un enfoque no farmacol\u00f3gico ni quir\u00fargico para el manejo del dolor, aunque la elegibilidad debe confirmarse siempre con un profesional de la salud como nuestro medico.  <\/span><\/p><h2><span style=\"text-decoration: underline;\">\u00bfQu\u00e9 condiciones se pueden tratar con mPNS?<\/span><\/h2><p><span style=\"font-weight: 400;\">La terapia mPNS puede utilizarse para tratar una variedad de condiciones. Entre los s\u00edndromes de dolor m\u00e1s comunes se incluyen: codo de tenista, codo de golfista, dolor de hombro, dolor de espalda, dolor de cuello, neuropat\u00eda diab\u00e9tica, s\u00edndrome del t\u00fanel carpiano, ci\u00e1tica, osteoartritis de rodilla, dolor postraum\u00e1tico, dolor postquir\u00fargico, dolor de miembro fantasma, fibromialgia, s\u00edndrome de dolor miofascial, fascitis plantar y muchos m\u00e1s.  La investigaci\u00f3n contin\u00faa explorando la gama completa de condiciones que pueden beneficiarse de la terapia mPNS.<\/span><\/p><h2><span style=\"text-decoration: underline;\">\u00bfCu\u00e1ntas sesiones de tratamiento suelen requerirse para ver resultados?<\/span><\/h2><p><span style=\"font-weight: 400;\">El n\u00famero de sesiones de mPNS necesarias puede variar seg\u00fan la condici\u00f3n del paciente y su respuesta al tratamiento. Generalmente se recomienda una serie de sesiones durante un per\u00edodo de 4 semanas, con tres sesiones en la primera semana y luego reduciendo a dos sesiones por semana durante aproximadamente un mes. Muchos pacientes comienzan a notar mejoras en las primeras sesiones, pero puede ser necesario completar el ciclo completo de tratamiento para obtener resultados \u00f3ptimos.   <\/span><\/p><h2><span style=\"text-decoration: underline;\">\u00bfCu\u00e1nto tiempo duran los efectos de la terapia mPNS?<\/span><\/h2><p><span style=\"font-weight: 400;\">La duraci\u00f3n de los efectos de la terapia mPNS puede variar seg\u00fan la condici\u00f3n del paciente y su respuesta al tratamiento. Algunos pacientes experimentan un alivio duradero de sus s\u00edntomas, mientras que otros pueden requerir sesiones de mantenimiento continuas para conservar los beneficios. El alivio inicial puede durar de semanas a meses, y los tratamientos de seguimiento peri\u00f3dicos pueden ayudar a mantener el control de los s\u00edntomas.  <\/span><\/p><h2><span style=\"text-decoration: underline;\">\u00bfExiste alguna restricci\u00f3n de edad para este tratamiento?<\/span><\/h2><p><span style=\"font-weight: 400;\">La terapia mPNS se realiza t\u00edpicamente en pacientes de 18 a\u00f1os en adelante, aunque nuestro m\u00e9dico puede autorizar el tratamiento en pacientes m\u00e1s j\u00f3venes seg\u00fan sus condiciones y circunstancias individuales. <\/span><\/p><h2><span style=\"text-decoration: underline;\">\u00bfCu\u00e1les son las contraindicaciones para el tratamiento mPNS?<\/span><\/h2><p><span style=\"font-weight: 400;\">Las principales contraindicaciones para el tratamiento mPNS incluyen implantes met\u00e1licos, fragmentos de bala, afecciones o lesiones cut\u00e1neas en el lugar del dolor, tatuajes intensos en el lugar del dolor y embarazo; Sin embargo, si tienes alguna preocupaci\u00f3n espec\u00edfica, no dudes en ponerte en contacto con nosotros para una consulta con nuestro m\u00e9dico. <\/span><\/p><h2><span style=\"text-decoration: underline;\">\u00bfQu\u00e9 ocurre durante una sesi\u00f3n t\u00edpica de tratamiento con mPNS?<\/span><\/h2><p><span style=\"font-weight: 400;\">Cada sesi\u00f3n dura aproximadamente 13 minutos por cada \u00e1rea de dolor. El paciente se sienta en un sill\u00f3n reclinable o en una camilla, dependiendo de la ubicaci\u00f3n del dolor. Se coloca una bobina magn\u00e9tica sobre la zona afectada y se aplican pulsos. El paciente puede sentir un leve golpeteo o vibraci\u00f3n, pero no resulta doloroso ni inc\u00f3modo. No se requiere preparaci\u00f3n previa y la actividad normal puede retomarse inmediatamente despu\u00e9s de la sesi\u00f3n.    <\/span><\/p><h2><span style=\"text-decoration: underline;\">\u00bfEs segura la terapia mPNS?<\/span><\/h2><p><span style=\"font-weight: 400;\">S\u00ed, es un tratamiento aprobado por la FDA, no invasivo y con riesgos m\u00ednimos, lo que lo convierte en una opci\u00f3n adecuada para quienes se preocupan por los efectos secundarios de los medicamentos o los riesgos quir\u00fargicos. No requiere anestesia, y los pacientes pueden retomar sus actividades normales de inmediato. <\/span><\/p><h2><span style=\"text-decoration: underline;\">\u00bfLa terapia mPNS est\u00e1 cubierta por el seguro?<\/span><\/h2><p><span style=\"font-weight: 400;\">La mayor\u00eda de las aseguradoras en Estados Unidos actualmente no cubren la terapia de estimulaci\u00f3n magn\u00e9tica de nervios perif\u00e9ricos (mPNS) para el tratamiento del dolor. Consulte con su proveedor en c\u00f3mo manejan los pagos para estos tratamientos. <\/span><\/p><h2><span style=\"text-decoration: underline;\">\u00bfC\u00f3mo puedo obtener m\u00e1s informaci\u00f3n sobre Making It Possible y la terapia mPNS?<\/span><\/h2><p><span style=\"font-weight: 400;\">Por favor, visite nuestra p\u00e1gina web <\/span><span style=\"text-decoration: underline;\"><a href=\"https:\/\/mipcare.com\/es\/\"><span style=\"font-weight: 400;\">en www.mipcare.com<\/span><\/a><span style=\"font-weight: 400;\">.<\/span><\/span><\/p>\t\t\t\t\t\t\t\t<\/div>\n\t\t\t\t<\/div>\n\t\t\t\t\t<\/div>\n\t\t\t\t<\/div>\n\t\t\t\t<\/div>\n\t\t","protected":false},"excerpt":{"rendered":"<p>Preguntas Frecuentes \u00bfQu\u00e9 es el terapia mPNS? La terapia mPNS o Estimulaci\u00f3n Magn\u00e9tica de Nervios Perif\u00e9ricos es un tratamiento nuevo, [&hellip;]<\/p>\n","protected":false},"author":7,"featured_media":0,"parent":9480,"menu_order":0,"comment_status":"closed","ping_status":"closed","template":"","meta":{"_yoast_wpseo_title":"","_yoast_wpseo_metadesc":"","site-sidebar-layout":"no-sidebar","site-content-layout":"","ast-site-content-layout":"full-width-container","site-content-style":"default","site-sidebar-style":"default","ast-global-header-display":"","ast-banner-title-visibility":"","ast-main-header-display":"","ast-hfb-above-header-display":"","ast-hfb-below-header-display":"","ast-hfb-mobile-header-display":"","site-post-title":"disabled","ast-breadcrumbs-content":"","ast-featured-img":"disabled","footer-sml-layout":"","theme-transparent-header-meta":"","adv-header-id-meta":"","stick-header-meta":"","header-above-stick-meta":"","header-main-stick-meta":"","header-below-stick-meta":"","astra-migrate-meta-layouts":"default","ast-page-background-enabled":"default","ast-page-background-meta":{"desktop":{"background-color":"var(--ast-global-color-5)","background-image":"","background-repeat":"repeat","background-position":"center center","background-size":"auto","background-attachment":"scroll","background-type":"","background-media":"","overlay-type":"","overlay-color":"","overlay-opacity":"","overlay-gradient":""},"tablet":{"background-color":"","background-image":"","background-repeat":"repeat","background-position":"center center","background-size":"auto","background-attachment":"scroll","background-type":"","background-media":"","overlay-type":"","overlay-color":"","overlay-opacity":"","overlay-gradient":""},"mobile":{"background-color":"","background-image":"","background-repeat":"repeat","background-position":"center center","background-size":"auto","background-attachment":"scroll","background-type":"","background-media":"","overlay-type":"","overlay-color":"","overlay-opacity":"","overlay-gradient":""}},"ast-content-background-meta":{"desktop":{"background-color":"var(--ast-global-color-4)","background-image":"","background-repeat":"repeat","background-position":"center center","background-size":"auto","background-attachment":"scroll","background-type":"","background-media":"","overlay-type":"","overlay-color":"","overlay-opacity":"","overlay-gradient":""},"tablet":{"background-color":"var(--ast-global-color-4)","background-image":"","background-repeat":"repeat","background-position":"center center","background-size":"auto","background-attachment":"scroll","background-type":"","background-media":"","overlay-type":"","overlay-color":"","overlay-opacity":"","overlay-gradient":""},"mobile":{"background-color":"var(--ast-global-color-4)","background-image":"","background-repeat":"repeat","background-position":"center center","background-size":"auto","background-attachment":"scroll","background-type":"","background-media":"","overlay-type":"","overlay-color":"","overlay-opacity":"","overlay-gradient":""}},"_metasync_otto_title":"","_metasync_otto_description":"","rank_math_title":"","rank_math_description":"","footnotes":""},"class_list":["post-9360","page","type-page","status-publish","hentry"],"yoast_head":"<!-- This site is optimized with the Yoast SEO Premium plugin v26.7 (Yoast SEO v27.5) - https:\/\/yoast.com\/product\/yoast-seo-premium-wordpress\/ -->\n<title>Preguntas Frecuentes - MIP Care<\/title>\n<meta name=\"robots\" content=\"index, follow, max-snippet:-1, max-image-preview:large, max-video-preview:-1\" \/>\n<link rel=\"canonical\" href=\"https:\/\/mipcare.com\/es\/inicio-houston\/mpns\/preguntas-frecuentes-4\/\" \/>\n<meta property=\"og:locale\" content=\"es_ES\" \/>\n<meta property=\"og:type\" content=\"article\" \/>\n<meta property=\"og:title\" content=\"Preguntas Frecuentes\" \/>\n<meta property=\"og:description\" content=\"Preguntas Frecuentes \u00bfQu\u00e9 es el terapia mPNS? La terapia mPNS o Estimulaci\u00f3n Magn\u00e9tica de Nervios Perif\u00e9ricos es un tratamiento nuevo, [&hellip;]\" \/>\n<meta property=\"og:url\" content=\"https:\/\/mipcare.com\/es\/inicio-houston\/mpns\/preguntas-frecuentes-4\/\" \/>\n<meta property=\"og:site_name\" content=\"MIP Care\" \/>\n<meta property=\"article:publisher\" content=\"https:\/\/www.facebook.com\/MIPCareClinic\/\" \/>\n<meta property=\"article:modified_time\" content=\"2025-12-10T17:00:54+00:00\" \/>\n<meta property=\"og:image\" content=\"https:\/\/i0.wp.com\/mipcare.com\/wp-content\/uploads\/2025\/01\/MIPS20Curve20202320Transparent.png?fit=2173%2C2560&ssl=1\" \/>\n\t<meta property=\"og:image:width\" content=\"2173\" \/>\n\t<meta property=\"og:image:height\" content=\"2560\" \/>\n\t<meta property=\"og:image:type\" content=\"image\/png\" \/>\n<meta name=\"twitter:card\" content=\"summary_large_image\" \/>\n<meta name=\"twitter:label1\" content=\"Tiempo de lectura\" \/>\n\t<meta name=\"twitter:data1\" content=\"5 minutos\" \/>\n<script type=\"application\/ld+json\" class=\"yoast-schema-graph\">{\"@context\":\"https:\\\/\\\/schema.org\",\"@graph\":[{\"@type\":\"Article\",\"@id\":\"https:\\\/\\\/mipcare.com\\\/es\\\/inicio-houston\\\/mpns\\\/preguntas-frecuentes-4\\\/#article\",\"isPartOf\":{\"@id\":\"https:\\\/\\\/mipcare.com\\\/es\\\/inicio-houston\\\/mpns\\\/preguntas-frecuentes-4\\\/\"},\"author\":{\"name\":\"houston mip\",\"@id\":\"https:\\\/\\\/mipcare.com\\\/es\\\/#\\\/schema\\\/person\\\/e65c5aaf687714ef0608f6efed7fa6ab\"},\"headline\":\"Preguntas Frecuentes\",\"datePublished\":\"2025-11-15T16:34:03+00:00\",\"dateModified\":\"2025-12-10T17:00:54+00:00\",\"mainEntityOfPage\":{\"@id\":\"https:\\\/\\\/mipcare.com\\\/es\\\/inicio-houston\\\/mpns\\\/preguntas-frecuentes-4\\\/\"},\"wordCount\":1067,\"publisher\":{\"@id\":\"https:\\\/\\\/mipcare.com\\\/es\\\/#organization\"},\"inLanguage\":\"es\"},{\"@type\":[\"WebPage\",\"MedicalWebPage\"],\"@id\":\"https:\\\/\\\/mipcare.com\\\/es\\\/inicio-houston\\\/mpns\\\/preguntas-frecuentes-4\\\/\",\"url\":\"https:\\\/\\\/mipcare.com\\\/es\\\/inicio-houston\\\/mpns\\\/preguntas-frecuentes-4\\\/\",\"name\":\"Preguntas Frecuentes - MIP Care\",\"isPartOf\":{\"@id\":\"https:\\\/\\\/mipcare.com\\\/es\\\/#website\"},\"datePublished\":\"2025-11-15T16:34:03+00:00\",\"dateModified\":\"2025-12-10T17:00:54+00:00\",\"breadcrumb\":{\"@id\":\"https:\\\/\\\/mipcare.com\\\/es\\\/inicio-houston\\\/mpns\\\/preguntas-frecuentes-4\\\/#breadcrumb\"},\"inLanguage\":\"es\",\"potentialAction\":[{\"@type\":\"ReadAction\",\"target\":[\"https:\\\/\\\/mipcare.com\\\/es\\\/inicio-houston\\\/mpns\\\/preguntas-frecuentes-4\\\/\"]}]},{\"@type\":\"BreadcrumbList\",\"@id\":\"https:\\\/\\\/mipcare.com\\\/es\\\/inicio-houston\\\/mpns\\\/preguntas-frecuentes-4\\\/#breadcrumb\",\"itemListElement\":[{\"@type\":\"ListItem\",\"position\":1,\"name\":\"Home\",\"item\":\"https:\\\/\\\/mipcare.com\\\/es\\\/inicio\\\/\"},{\"@type\":\"ListItem\",\"position\":2,\"name\":\"Inicio-Houston\",\"item\":\"https:\\\/\\\/mipcare.com\\\/es\\\/inicio-houston\\\/\"},{\"@type\":\"ListItem\",\"position\":3,\"name\":\"mPNS\",\"item\":\"https:\\\/\\\/mipcare.com\\\/es\\\/inicio-houston\\\/mpns\\\/\"},{\"@type\":\"ListItem\",\"position\":4,\"name\":\"Preguntas Frecuentes\"}]},{\"@type\":\"WebSite\",\"@id\":\"https:\\\/\\\/mipcare.com\\\/es\\\/#website\",\"url\":\"https:\\\/\\\/mipcare.com\\\/es\\\/\",\"name\":\"MIP Care\",\"description\":\"Brain Treatment Therapy\",\"publisher\":{\"@id\":\"https:\\\/\\\/mipcare.com\\\/es\\\/#organization\"},\"potentialAction\":[{\"@type\":\"SearchAction\",\"target\":{\"@type\":\"EntryPoint\",\"urlTemplate\":\"https:\\\/\\\/mipcare.com\\\/es\\\/?s={search_term_string}\"},\"query-input\":{\"@type\":\"PropertyValueSpecification\",\"valueRequired\":true,\"valueName\":\"search_term_string\"}}],\"inLanguage\":\"es\"},{\"@type\":\"Organization\",\"@id\":\"https:\\\/\\\/mipcare.com\\\/es\\\/#organization\",\"name\":\"MIP Care\",\"url\":\"https:\\\/\\\/mipcare.com\\\/es\\\/\",\"logo\":{\"@type\":\"ImageObject\",\"inLanguage\":\"es\",\"@id\":\"https:\\\/\\\/mipcare.com\\\/es\\\/#\\\/schema\\\/logo\\\/image\\\/\",\"url\":\"https:\\\/\\\/i0.wp.com\\\/mipcare.com\\\/wp-content\\\/uploads\\\/2025\\\/01\\\/MIPS20Curve20202320Transparent.png?fit=2173%2C2560&ssl=1\",\"contentUrl\":\"https:\\\/\\\/i0.wp.com\\\/mipcare.com\\\/wp-content\\\/uploads\\\/2025\\\/01\\\/MIPS20Curve20202320Transparent.png?fit=2173%2C2560&ssl=1\",\"width\":2173,\"height\":2560,\"caption\":\"MIP Care\"},\"image\":{\"@id\":\"https:\\\/\\\/mipcare.com\\\/es\\\/#\\\/schema\\\/logo\\\/image\\\/\"},\"sameAs\":[\"https:\\\/\\\/www.facebook.com\\\/MIPCareClinic\\\/\",\"https:\\\/\\\/www.instagram.com\\\/mip.mert\",\"https:\\\/\\\/www.tiktok.com\\\/@mip.mert?_t=8kjPECfRKAt&_r=1\",\"https:\\\/\\\/www.youtube.com\\\/@MIP_MeRT_Brain_Therapy_Clinic\"]},{\"@type\":\"Person\",\"@id\":\"https:\\\/\\\/mipcare.com\\\/es\\\/#\\\/schema\\\/person\\\/e65c5aaf687714ef0608f6efed7fa6ab\",\"name\":\"houston mip\",\"image\":{\"@type\":\"ImageObject\",\"inLanguage\":\"es\",\"@id\":\"https:\\\/\\\/secure.gravatar.com\\\/avatar\\\/72759737fefbb735ff5bcf05ff10da757736c56604cc15d16d262f70ac0174e2?s=96&d=mm&r=g\",\"url\":\"https:\\\/\\\/secure.gravatar.com\\\/avatar\\\/72759737fefbb735ff5bcf05ff10da757736c56604cc15d16d262f70ac0174e2?s=96&d=mm&r=g\",\"contentUrl\":\"https:\\\/\\\/secure.gravatar.com\\\/avatar\\\/72759737fefbb735ff5bcf05ff10da757736c56604cc15d16d262f70ac0174e2?s=96&d=mm&r=g\",\"caption\":\"houston mip\"},\"url\":\"https:\\\/\\\/mipcare.com\\\/es\\\/author\\\/houston-mip\\\/\"}]}<\/script>\n<!-- \/ Yoast SEO Premium plugin. -->","yoast_head_json":{"title":"Preguntas Frecuentes - MIP Care","robots":{"index":"index","follow":"follow","max-snippet":"max-snippet:-1","max-image-preview":"max-image-preview:large","max-video-preview":"max-video-preview:-1"},"canonical":"https:\/\/mipcare.com\/es\/inicio-houston\/mpns\/preguntas-frecuentes-4\/","og_locale":"es_ES","og_type":"article","og_title":"Preguntas Frecuentes","og_description":"Preguntas Frecuentes \u00bfQu\u00e9 es el terapia mPNS? La terapia mPNS o Estimulaci\u00f3n Magn\u00e9tica de Nervios Perif\u00e9ricos es un tratamiento nuevo, [&hellip;]","og_url":"https:\/\/mipcare.com\/es\/inicio-houston\/mpns\/preguntas-frecuentes-4\/","og_site_name":"MIP Care","article_publisher":"https:\/\/www.facebook.com\/MIPCareClinic\/","article_modified_time":"2025-12-10T17:00:54+00:00","og_image":[{"width":2173,"height":2560,"url":"https:\/\/i0.wp.com\/mipcare.com\/wp-content\/uploads\/2025\/01\/MIPS20Curve20202320Transparent.png?fit=2173%2C2560&ssl=1","type":"image\/png"}],"twitter_card":"summary_large_image","twitter_misc":{"Tiempo de lectura":"5 minutos"},"schema":{"@context":"https:\/\/schema.org","@graph":[{"@type":"Article","@id":"https:\/\/mipcare.com\/es\/inicio-houston\/mpns\/preguntas-frecuentes-4\/#article","isPartOf":{"@id":"https:\/\/mipcare.com\/es\/inicio-houston\/mpns\/preguntas-frecuentes-4\/"},"author":{"name":"houston mip","@id":"https:\/\/mipcare.com\/es\/#\/schema\/person\/e65c5aaf687714ef0608f6efed7fa6ab"},"headline":"Preguntas Frecuentes","datePublished":"2025-11-15T16:34:03+00:00","dateModified":"2025-12-10T17:00:54+00:00","mainEntityOfPage":{"@id":"https:\/\/mipcare.com\/es\/inicio-houston\/mpns\/preguntas-frecuentes-4\/"},"wordCount":1067,"publisher":{"@id":"https:\/\/mipcare.com\/es\/#organization"},"inLanguage":"es"},{"@type":["WebPage","MedicalWebPage"],"@id":"https:\/\/mipcare.com\/es\/inicio-houston\/mpns\/preguntas-frecuentes-4\/","url":"https:\/\/mipcare.com\/es\/inicio-houston\/mpns\/preguntas-frecuentes-4\/","name":"Preguntas Frecuentes - MIP Care","isPartOf":{"@id":"https:\/\/mipcare.com\/es\/#website"},"datePublished":"2025-11-15T16:34:03+00:00","dateModified":"2025-12-10T17:00:54+00:00","breadcrumb":{"@id":"https:\/\/mipcare.com\/es\/inicio-houston\/mpns\/preguntas-frecuentes-4\/#breadcrumb"},"inLanguage":"es","potentialAction":[{"@type":"ReadAction","target":["https:\/\/mipcare.com\/es\/inicio-houston\/mpns\/preguntas-frecuentes-4\/"]}]},{"@type":"BreadcrumbList","@id":"https:\/\/mipcare.com\/es\/inicio-houston\/mpns\/preguntas-frecuentes-4\/#breadcrumb","itemListElement":[{"@type":"ListItem","position":1,"name":"Home","item":"https:\/\/mipcare.com\/es\/inicio\/"},{"@type":"ListItem","position":2,"name":"Inicio-Houston","item":"https:\/\/mipcare.com\/es\/inicio-houston\/"},{"@type":"ListItem","position":3,"name":"mPNS","item":"https:\/\/mipcare.com\/es\/inicio-houston\/mpns\/"},{"@type":"ListItem","position":4,"name":"Preguntas Frecuentes"}]},{"@type":"WebSite","@id":"https:\/\/mipcare.com\/es\/#website","url":"https:\/\/mipcare.com\/es\/","name":"MIP Care","description":"Brain Treatment Therapy","publisher":{"@id":"https:\/\/mipcare.com\/es\/#organization"},"potentialAction":[{"@type":"SearchAction","target":{"@type":"EntryPoint","urlTemplate":"https:\/\/mipcare.com\/es\/?s={search_term_string}"},"query-input":{"@type":"PropertyValueSpecification","valueRequired":true,"valueName":"search_term_string"}}],"inLanguage":"es"},{"@type":"Organization","@id":"https:\/\/mipcare.com\/es\/#organization","name":"MIP Care","url":"https:\/\/mipcare.com\/es\/","logo":{"@type":"ImageObject","inLanguage":"es","@id":"https:\/\/mipcare.com\/es\/#\/schema\/logo\/image\/","url":"https:\/\/i0.wp.com\/mipcare.com\/wp-content\/uploads\/2025\/01\/MIPS20Curve20202320Transparent.png?fit=2173%2C2560&ssl=1","contentUrl":"https:\/\/i0.wp.com\/mipcare.com\/wp-content\/uploads\/2025\/01\/MIPS20Curve20202320Transparent.png?fit=2173%2C2560&ssl=1","width":2173,"height":2560,"caption":"MIP Care"},"image":{"@id":"https:\/\/mipcare.com\/es\/#\/schema\/logo\/image\/"},"sameAs":["https:\/\/www.facebook.com\/MIPCareClinic\/","https:\/\/www.instagram.com\/mip.mert","https:\/\/www.tiktok.com\/@mip.mert?_t=8kjPECfRKAt&_r=1","https:\/\/www.youtube.com\/@MIP_MeRT_Brain_Therapy_Clinic"]},{"@type":"Person","@id":"https:\/\/mipcare.com\/es\/#\/schema\/person\/e65c5aaf687714ef0608f6efed7fa6ab","name":"houston mip","image":{"@type":"ImageObject","inLanguage":"es","@id":"https:\/\/secure.gravatar.com\/avatar\/72759737fefbb735ff5bcf05ff10da757736c56604cc15d16d262f70ac0174e2?s=96&d=mm&r=g","url":"https:\/\/secure.gravatar.com\/avatar\/72759737fefbb735ff5bcf05ff10da757736c56604cc15d16d262f70ac0174e2?s=96&d=mm&r=g","contentUrl":"https:\/\/secure.gravatar.com\/avatar\/72759737fefbb735ff5bcf05ff10da757736c56604cc15d16d262f70ac0174e2?s=96&d=mm&r=g","caption":"houston mip"},"url":"https:\/\/mipcare.com\/es\/author\/houston-mip\/"}]}},"jetpack_likes_enabled":true,"jetpack_sharing_enabled":true,"jetpack_shortlink":"https:\/\/wp.me\/PfK3QS-2qY","jetpack-related-posts":[],"_links":{"self":[{"href":"https:\/\/mipcare.com\/es\/wp-json\/wp\/v2\/pages\/9360","targetHints":{"allow":["GET"]}}],"collection":[{"href":"https:\/\/mipcare.com\/es\/wp-json\/wp\/v2\/pages"}],"about":[{"href":"https:\/\/mipcare.com\/es\/wp-json\/wp\/v2\/types\/page"}],"author":[{"embeddable":true,"href":"https:\/\/mipcare.com\/es\/wp-json\/wp\/v2\/users\/7"}],"replies":[{"embeddable":true,"href":"https:\/\/mipcare.com\/es\/wp-json\/wp\/v2\/comments?post=9360"}],"version-history":[{"count":1,"href":"https:\/\/mipcare.com\/es\/wp-json\/wp\/v2\/pages\/9360\/revisions"}],"predecessor-version":[{"id":9361,"href":"https:\/\/mipcare.com\/es\/wp-json\/wp\/v2\/pages\/9360\/revisions\/9361"}],"up":[{"embeddable":true,"href":"https:\/\/mipcare.com\/es\/wp-json\/wp\/v2\/pages\/9480"}],"wp:attachment":[{"href":"https:\/\/mipcare.com\/es\/wp-json\/wp\/v2\/media?parent=9360"}],"curies":[{"name":"wp","href":"https:\/\/api.w.org\/{rel}","templated":true}]}}