{"id":9450,"date":"2025-11-15T08:11:34","date_gmt":"2025-11-15T08:11:34","guid":{"rendered":"https:\/\/mipcare.com\/contraindicaciones-del-tratamiento-tms\/"},"modified":"2025-12-10T17:01:31","modified_gmt":"2025-12-10T17:01:31","slug":"contraindicaciones-del-tratamiento-tms","status":"publish","type":"page","link":"https:\/\/mipcare.com\/es\/pagina-de-inicio-san-antonio\/tms\/contraindicaciones-del-tratamiento-tms\/","title":{"rendered":"Contraindicaciones de la Terapia TMS"},"content":{"rendered":"\t\t<div data-elementor-type=\"wp-page\" data-elementor-id=\"9450\" class=\"elementor elementor-9450 elementor-7593\" data-elementor-post-type=\"page\">\n\t\t\t\t<div class=\"elementor-element elementor-element-2baa6f49 e-flex e-con-boxed e-con e-parent\" data-id=\"2baa6f49\" data-element_type=\"container\" data-e-type=\"container\">\n\t\t\t\t\t<div class=\"e-con-inner\">\n\t\t\t\t<div class=\"elementor-element elementor-element-3ed54b9d elementor-widget elementor-widget-image\" data-id=\"3ed54b9d\" data-element_type=\"widget\" data-e-type=\"widget\" data-widget_type=\"image.default\">\n\t\t\t\t<div class=\"elementor-widget-container\">\n\t\t\t\t\t\t\t\t\t\t\t\t\t\t\t<img fetchpriority=\"high\" decoding=\"async\" data-attachment-id=\"2619\" data-permalink=\"https:\/\/mipcare.com\/es\/inicio-houston\/mert\/contraindicaciones-2\/hand-with-cross-sign-vector-icon-contraindication-warning-for-treatment-symbol-interruption-logo-stop-no-prohibition-ban-illustration-2\/\" data-orig-file=\"https:\/\/i0.wp.com\/mipcare.com\/wp-content\/uploads\/2025\/02\/contraindications.jpeg?fit=3873%2C3873&amp;ssl=1\" data-orig-size=\"3873,3873\" data-comments-opened=\"0\" data-image-meta=\"{&quot;aperture&quot;:&quot;0&quot;,&quot;credit&quot;:&quot;wladimir1804 - stock.adobe.com&quot;,&quot;camera&quot;:&quot;&quot;,&quot;caption&quot;:&quot;&quot;,&quot;created_timestamp&quot;:&quot;0&quot;,&quot;copyright&quot;:&quot;&quot;,&quot;focal_length&quot;:&quot;0&quot;,&quot;iso&quot;:&quot;0&quot;,&quot;shutter_speed&quot;:&quot;0&quot;,&quot;title&quot;:&quot;Hand with cross sign vector icon. Contraindication warning for treatment symbol. Interruption logo. Stop, No, Prohibition, Ban Illustration.&quot;,&quot;orientation&quot;:&quot;0&quot;}\" data-image-title=\"Mano con icono vectorial de signos cruzados. Advertencia de contraindicaci\u00f3n para el s\u00edmbolo del tratamiento. Logo de interrupci\u00f3n. Para, no, prohibici\u00f3n, prohibici\u00f3n, ilustraci\u00f3n.\" data-image-description=\"&lt;p&gt;Mano azul con un signo de precauci\u00f3n&lt;\/p&gt;\n\" data-image-caption=\"&lt;p&gt;Mano azul con un signo de precauci\u00f3n&lt;\/p&gt;\n\" data-large-file=\"https:\/\/i0.wp.com\/mipcare.com\/wp-content\/uploads\/2025\/02\/contraindications.jpeg?fit=1024%2C1024&amp;ssl=1\" width=\"300\" height=\"300\" src=\"https:\/\/i0.wp.com\/mipcare.com\/wp-content\/uploads\/2025\/02\/contraindications.jpeg?fit=300%2C300&amp;ssl=1\" class=\"attachment-medium size-medium wp-image-2619\" alt=\"Mano azul con un signo de precauci\u00f3n\" srcset=\"https:\/\/i0.wp.com\/mipcare.com\/wp-content\/uploads\/2025\/02\/contraindications.jpeg?w=3873&amp;ssl=1 3873w, https:\/\/i0.wp.com\/mipcare.com\/wp-content\/uploads\/2025\/02\/contraindications.jpeg?resize=300%2C300&amp;ssl=1 300w, https:\/\/i0.wp.com\/mipcare.com\/wp-content\/uploads\/2025\/02\/contraindications.jpeg?resize=1024%2C1024&amp;ssl=1 1024w, https:\/\/i0.wp.com\/mipcare.com\/wp-content\/uploads\/2025\/02\/contraindications.jpeg?resize=150%2C150&amp;ssl=1 150w, https:\/\/i0.wp.com\/mipcare.com\/wp-content\/uploads\/2025\/02\/contraindications.jpeg?resize=768%2C768&amp;ssl=1 768w, https:\/\/i0.wp.com\/mipcare.com\/wp-content\/uploads\/2025\/02\/contraindications.jpeg?resize=1536%2C1536&amp;ssl=1 1536w, https:\/\/i0.wp.com\/mipcare.com\/wp-content\/uploads\/2025\/02\/contraindications.jpeg?resize=2048%2C2048&amp;ssl=1 2048w, https:\/\/i0.wp.com\/mipcare.com\/wp-content\/uploads\/2025\/02\/contraindications.jpeg?w=3000&amp;ssl=1 3000w\" sizes=\"(max-width: 300px) 100vw, 300px\" data-attachment-id=\"2619\" data-permalink=\"https:\/\/mipcare.com\/es\/inicio-houston\/mert\/contraindicaciones-2\/hand-with-cross-sign-vector-icon-contraindication-warning-for-treatment-symbol-interruption-logo-stop-no-prohibition-ban-illustration-2\/\" data-orig-file=\"https:\/\/i0.wp.com\/mipcare.com\/wp-content\/uploads\/2025\/02\/contraindications.jpeg?fit=3873%2C3873&amp;ssl=1\" data-orig-size=\"3873,3873\" data-comments-opened=\"0\" data-image-meta=\"{&quot;aperture&quot;:&quot;0&quot;,&quot;credit&quot;:&quot;wladimir1804 - stock.adobe.com&quot;,&quot;camera&quot;:&quot;&quot;,&quot;caption&quot;:&quot;&quot;,&quot;created_timestamp&quot;:&quot;0&quot;,&quot;copyright&quot;:&quot;&quot;,&quot;focal_length&quot;:&quot;0&quot;,&quot;iso&quot;:&quot;0&quot;,&quot;shutter_speed&quot;:&quot;0&quot;,&quot;title&quot;:&quot;Hand with cross sign vector icon. Contraindication warning for treatment symbol. Interruption logo. Stop, No, Prohibition, Ban Illustration.&quot;,&quot;orientation&quot;:&quot;0&quot;}\" data-image-title=\"Mano con icono vectorial de signos cruzados. Advertencia de contraindicaci\u00f3n para el s\u00edmbolo del tratamiento. Logo de interrupci\u00f3n. Para, no, prohibici\u00f3n, prohibici\u00f3n, ilustraci\u00f3n.\" data-image-description=\"&lt;p&gt;Mano azul con un signo de precauci\u00f3n&lt;\/p&gt;\n\" data-image-caption=\"&lt;p&gt;Mano azul con un signo de precauci\u00f3n&lt;\/p&gt;\n\" data-large-file=\"https:\/\/i0.wp.com\/mipcare.com\/wp-content\/uploads\/2025\/02\/contraindications.jpeg?fit=1024%2C1024&amp;ssl=1\" \/>\t\t\t\t\t\t\t\t\t\t\t\t\t\t\t<\/div>\n\t\t\t\t<\/div>\n\t\t\t\t\t<\/div>\n\t\t\t\t<\/div>\n\t\t<div class=\"elementor-element elementor-element-5961e5ac e-flex e-con-boxed e-con e-parent\" data-id=\"5961e5ac\" data-element_type=\"container\" data-e-type=\"container\">\n\t\t\t\t\t<div class=\"e-con-inner\">\n\t\t\t\t<div class=\"elementor-element elementor-element-40b3eaa2 elementor-widget elementor-widget-heading\" data-id=\"40b3eaa2\" data-element_type=\"widget\" data-e-type=\"widget\" data-widget_type=\"heading.default\">\n\t\t\t\t<div class=\"elementor-widget-container\">\n\t\t\t\t\t<h1 class=\"elementor-heading-title elementor-size-default\">Contraindicaciones<\/h1>\t\t\t\t<\/div>\n\t\t\t\t<\/div>\n\t\t\t\t<div class=\"elementor-element elementor-element-4972feb9 elementor-widget elementor-widget-text-editor\" data-id=\"4972feb9\" data-element_type=\"widget\" data-e-type=\"widget\" data-widget_type=\"text-editor.default\">\n\t\t\t\t<div class=\"elementor-widget-container\">\n\t\t\t\t\t\t\t\t\t<ul><li style=\"list-style-type: none;\"><ul><li>Contraindicaciones absolutas para el tratamiento de TMS cortical: marcapasos, desfibrilador, estimulador del nervio vago, derivaci\u00f3n VP\/derivaciones intracraneales magn\u00e9ticas, estimulador cerebral profundo, estimulador cortical epidural, derivaciones\/stents de acero, fragmentos met\u00e1licos craneales (es decir, metralla, excluyendo titanio), implante coclear, clips para aneurismas, bobinas, desviaci\u00f3n del flujo de canales, embarazo o lactancia, c\u00e1ncer cerebral primario \/ legiones metast\u00e1sicas en el cerebro (salvo cuidados paliativos), implantes dentales magn\u00e9ticos,  Desfibriladores cardio-verter implantados (DCI), implantes oculares<\/li><\/ul><\/li><li style=\"list-style-type: none;\"> <ul><li>Las contraindicaciones relativas requieren una atenci\u00f3n m\u00e1s estricta al protocolo y pueden o no descalificar a alguien para recibir el tratamiento de TMS cortical, dependiendo de la discreci\u00f3n del m\u00e9dico y de la condici\u00f3n individual de la persona. Estas incluyen: Historia de convulsiones o trastornos convulsivos, derivaciones\/stents de titanio, estimulador de la m\u00e9dula espinal, aud\u00edfonos, implantes corticales ferrosos, tatuajes de tinta magn\u00e9tica, Trastorno Bipolar Tipo I\/II, implante Baha.<\/li><\/ul><\/li><\/ul>\t\t\t\t\t\t\t\t<\/div>\n\t\t\t\t<\/div>\n\t\t\t\t\t<\/div>\n\t\t\t\t<\/div>\n\t\t<div class=\"elementor-element elementor-element-1506a2a e-flex e-con-boxed e-con e-parent\" data-id=\"1506a2a\" data-element_type=\"container\" data-e-type=\"container\">\n\t\t\t\t\t<div class=\"e-con-inner\">\n\t\t\t\t<div class=\"elementor-element elementor-element-42f4b7a elementor-widget elementor-widget-heading\" data-id=\"42f4b7a\" data-element_type=\"widget\" data-e-type=\"widget\" data-widget_type=\"heading.default\">\n\t\t\t\t<div class=\"elementor-widget-container\">\n\t\t\t\t\t<h2 class=\"elementor-heading-title elementor-size-default\">A\u00f1ade aqu\u00ed el texto del encabezado<\/h2>\t\t\t\t<\/div>\n\t\t\t\t<\/div>\n\t\t\t\t\t<\/div>\n\t\t\t\t<\/div>\n\t\t\t\t<\/div>\n\t\t","protected":false},"excerpt":{"rendered":"<p>Contraindicaciones Contraindicaciones absolutas para el tratamiento de TMS cortical: marcapasos, desfibrilador, estimulador del nervio vago, derivaci\u00f3n VP\/derivaciones intracraneales magn\u00e9ticas, estimulador [&hellip;]<\/p>\n","protected":false},"author":8,"featured_media":0,"parent":9489,"menu_order":0,"comment_status":"closed","ping_status":"closed","template":"","meta":{"_yoast_wpseo_title":"","_yoast_wpseo_metadesc":"","site-sidebar-layout":"no-sidebar","site-content-layout":"","ast-site-content-layout":"full-width-container","site-content-style":"default","site-sidebar-style":"default","ast-global-header-display":"","ast-banner-title-visibility":"","ast-main-header-display":"","ast-hfb-above-header-display":"","ast-hfb-below-header-display":"","ast-hfb-mobile-header-display":"","site-post-title":"disabled","ast-breadcrumbs-content":"","ast-featured-img":"disabled","footer-sml-layout":"","theme-transparent-header-meta":"","adv-header-id-meta":"","stick-header-meta":"","header-above-stick-meta":"","header-main-stick-meta":"","header-below-stick-meta":"","astra-migrate-meta-layouts":"default","ast-page-background-enabled":"default","ast-page-background-meta":{"desktop":{"background-color":"var(--ast-global-color-5)","background-image":"","background-repeat":"repeat","background-position":"center center","background-size":"auto","background-attachment":"scroll","background-type":"","background-media":"","overlay-type":"","overlay-color":"","overlay-opacity":"","overlay-gradient":""},"tablet":{"background-color":"","background-image":"","background-repeat":"repeat","background-position":"center center","background-size":"auto","background-attachment":"scroll","background-type":"","background-media":"","overlay-type":"","overlay-color":"","overlay-opacity":"","overlay-gradient":""},"mobile":{"background-color":"","background-image":"","background-repeat":"repeat","background-position":"center center","background-size":"auto","background-attachment":"scroll","background-type":"","background-media":"","overlay-type":"","overlay-color":"","overlay-opacity":"","overlay-gradient":""}},"ast-content-background-meta":{"desktop":{"background-color":"var(--ast-global-color-4)","background-image":"","background-repeat":"repeat","background-position":"center center","background-size":"auto","background-attachment":"scroll","background-type":"","background-media":"","overlay-type":"","overlay-color":"","overlay-opacity":"","overlay-gradient":""},"tablet":{"background-color":"var(--ast-global-color-4)","background-image":"","background-repeat":"repeat","background-position":"center center","background-size":"auto","background-attachment":"scroll","background-type":"","background-media":"","overlay-type":"","overlay-color":"","overlay-opacity":"","overlay-gradient":""},"mobile":{"background-color":"var(--ast-global-color-4)","background-image":"","background-repeat":"repeat","background-position":"center center","background-size":"auto","background-attachment":"scroll","background-type":"","background-media":"","overlay-type":"","overlay-color":"","overlay-opacity":"","overlay-gradient":""}},"_metasync_otto_title":"","_metasync_otto_description":"","rank_math_title":"","rank_math_description":"","footnotes":""},"class_list":["post-9450","page","type-page","status-publish","hentry"],"yoast_head":"<!-- This site is optimized with the Yoast SEO Premium plugin v26.7 (Yoast SEO v27.6) - https:\/\/yoast.com\/product\/yoast-seo-premium-wordpress\/ -->\n<title>Contraindicaciones de la Terapia TMS - MIP Care<\/title>\n<meta name=\"robots\" content=\"index, follow, max-snippet:-1, max-image-preview:large, max-video-preview:-1\" \/>\n<link rel=\"canonical\" href=\"https:\/\/mipcare.com\/es\/pagina-de-inicio-san-antonio\/tms\/contraindicaciones-del-tratamiento-tms\/\" \/>\n<meta property=\"og:locale\" content=\"es_ES\" \/>\n<meta property=\"og:type\" content=\"article\" \/>\n<meta property=\"og:title\" content=\"Contraindicaciones de la Terapia TMS\" \/>\n<meta property=\"og:description\" content=\"Contraindicaciones Contraindicaciones absolutas para el tratamiento de TMS cortical: marcapasos, desfibrilador, estimulador del nervio vago, derivaci\u00f3n VP\/derivaciones intracraneales magn\u00e9ticas, estimulador [&hellip;]\" \/>\n<meta property=\"og:url\" content=\"https:\/\/mipcare.com\/es\/pagina-de-inicio-san-antonio\/tms\/contraindicaciones-del-tratamiento-tms\/\" \/>\n<meta property=\"og:site_name\" content=\"MIP Care\" \/>\n<meta property=\"article:publisher\" content=\"https:\/\/www.facebook.com\/MIPCareClinic\/\" \/>\n<meta property=\"article:modified_time\" content=\"2025-12-10T17:01:31+00:00\" \/>\n<meta property=\"og:image\" content=\"https:\/\/i0.wp.com\/mipcare.com\/wp-content\/uploads\/2025\/02\/contraindications.jpeg?fit=3873%2C3873&ssl=1\" \/>\n\t<meta property=\"og:image:width\" content=\"3873\" \/>\n\t<meta property=\"og:image:height\" content=\"3873\" \/>\n\t<meta property=\"og:image:type\" content=\"image\/jpeg\" \/>\n<meta name=\"twitter:card\" content=\"summary_large_image\" \/>\n<meta name=\"twitter:label1\" content=\"Tiempo de lectura\" \/>\n\t<meta name=\"twitter:data1\" content=\"1 minuto\" \/>\n<script type=\"application\/ld+json\" class=\"yoast-schema-graph\">{\"@context\":\"https:\\\/\\\/schema.org\",\"@graph\":[{\"@type\":\"Article\",\"@id\":\"https:\\\/\\\/mipcare.com\\\/es\\\/pagina-de-inicio-san-antonio\\\/tms\\\/contraindicaciones-del-tratamiento-tms\\\/#article\",\"isPartOf\":{\"@id\":\"https:\\\/\\\/mipcare.com\\\/es\\\/pagina-de-inicio-san-antonio\\\/tms\\\/contraindicaciones-del-tratamiento-tms\\\/\"},\"author\":{\"name\":\"san antonio mip\",\"@id\":\"https:\\\/\\\/mipcare.com\\\/es\\\/#\\\/schema\\\/person\\\/542ad727b41a582ff31ff3c16e513967\"},\"headline\":\"Contraindicaciones de la Terapia TMS\",\"datePublished\":\"2025-11-15T08:11:34+00:00\",\"dateModified\":\"2025-12-10T17:01:31+00:00\",\"mainEntityOfPage\":{\"@id\":\"https:\\\/\\\/mipcare.com\\\/es\\\/pagina-de-inicio-san-antonio\\\/tms\\\/contraindicaciones-del-tratamiento-tms\\\/\"},\"wordCount\":169,\"publisher\":{\"@id\":\"https:\\\/\\\/mipcare.com\\\/es\\\/#organization\"},\"image\":{\"@id\":\"https:\\\/\\\/mipcare.com\\\/es\\\/pagina-de-inicio-san-antonio\\\/tms\\\/contraindicaciones-del-tratamiento-tms\\\/#primaryimage\"},\"thumbnailUrl\":\"https:\\\/\\\/i0.wp.com\\\/mipcare.com\\\/wp-content\\\/uploads\\\/2025\\\/02\\\/contraindications.jpeg?fit=300%2C300&amp;ssl=1\",\"inLanguage\":\"es\"},{\"@type\":[\"WebPage\",\"MedicalWebPage\"],\"@id\":\"https:\\\/\\\/mipcare.com\\\/es\\\/pagina-de-inicio-san-antonio\\\/tms\\\/contraindicaciones-del-tratamiento-tms\\\/\",\"url\":\"https:\\\/\\\/mipcare.com\\\/es\\\/pagina-de-inicio-san-antonio\\\/tms\\\/contraindicaciones-del-tratamiento-tms\\\/\",\"name\":\"Contraindicaciones de la Terapia TMS - MIP Care\",\"isPartOf\":{\"@id\":\"https:\\\/\\\/mipcare.com\\\/es\\\/#website\"},\"primaryImageOfPage\":{\"@id\":\"https:\\\/\\\/mipcare.com\\\/es\\\/pagina-de-inicio-san-antonio\\\/tms\\\/contraindicaciones-del-tratamiento-tms\\\/#primaryimage\"},\"image\":{\"@id\":\"https:\\\/\\\/mipcare.com\\\/es\\\/pagina-de-inicio-san-antonio\\\/tms\\\/contraindicaciones-del-tratamiento-tms\\\/#primaryimage\"},\"thumbnailUrl\":\"https:\\\/\\\/i0.wp.com\\\/mipcare.com\\\/wp-content\\\/uploads\\\/2025\\\/02\\\/contraindications.jpeg?fit=300%2C300&amp;ssl=1\",\"datePublished\":\"2025-11-15T08:11:34+00:00\",\"dateModified\":\"2025-12-10T17:01:31+00:00\",\"breadcrumb\":{\"@id\":\"https:\\\/\\\/mipcare.com\\\/es\\\/pagina-de-inicio-san-antonio\\\/tms\\\/contraindicaciones-del-tratamiento-tms\\\/#breadcrumb\"},\"inLanguage\":\"es\",\"potentialAction\":[{\"@type\":\"ReadAction\",\"target\":[\"https:\\\/\\\/mipcare.com\\\/es\\\/pagina-de-inicio-san-antonio\\\/tms\\\/contraindicaciones-del-tratamiento-tms\\\/\"]}]},{\"@type\":\"ImageObject\",\"inLanguage\":\"es\",\"@id\":\"https:\\\/\\\/mipcare.com\\\/es\\\/pagina-de-inicio-san-antonio\\\/tms\\\/contraindicaciones-del-tratamiento-tms\\\/#primaryimage\",\"url\":\"https:\\\/\\\/i0.wp.com\\\/mipcare.com\\\/wp-content\\\/uploads\\\/2025\\\/02\\\/contraindications.jpeg?fit=300%2C300&amp;ssl=1\",\"contentUrl\":\"https:\\\/\\\/i0.wp.com\\\/mipcare.com\\\/wp-content\\\/uploads\\\/2025\\\/02\\\/contraindications.jpeg?fit=300%2C300&amp;ssl=1\"},{\"@type\":\"BreadcrumbList\",\"@id\":\"https:\\\/\\\/mipcare.com\\\/es\\\/pagina-de-inicio-san-antonio\\\/tms\\\/contraindicaciones-del-tratamiento-tms\\\/#breadcrumb\",\"itemListElement\":[{\"@type\":\"ListItem\",\"position\":1,\"name\":\"Home\",\"item\":\"https:\\\/\\\/mipcare.com\\\/es\\\/inicio\\\/\"},{\"@type\":\"ListItem\",\"position\":2,\"name\":\"P\u00e1gina De Inicio-San Antonio\",\"item\":\"https:\\\/\\\/mipcare.com\\\/es\\\/pagina-de-inicio-san-antonio\\\/\"},{\"@type\":\"ListItem\",\"position\":3,\"name\":\"TMS\",\"item\":\"https:\\\/\\\/mipcare.com\\\/es\\\/pagina-de-inicio-san-antonio\\\/tms\\\/\"},{\"@type\":\"ListItem\",\"position\":4,\"name\":\"Contraindicaciones de la Terapia TMS\"}]},{\"@type\":\"WebSite\",\"@id\":\"https:\\\/\\\/mipcare.com\\\/es\\\/#website\",\"url\":\"https:\\\/\\\/mipcare.com\\\/es\\\/\",\"name\":\"MIP Care\",\"description\":\"Brain Treatment Therapy\",\"publisher\":{\"@id\":\"https:\\\/\\\/mipcare.com\\\/es\\\/#organization\"},\"potentialAction\":[{\"@type\":\"SearchAction\",\"target\":{\"@type\":\"EntryPoint\",\"urlTemplate\":\"https:\\\/\\\/mipcare.com\\\/es\\\/?s={search_term_string}\"},\"query-input\":{\"@type\":\"PropertyValueSpecification\",\"valueRequired\":true,\"valueName\":\"search_term_string\"}}],\"inLanguage\":\"es\"},{\"@type\":\"Organization\",\"@id\":\"https:\\\/\\\/mipcare.com\\\/es\\\/#organization\",\"name\":\"MIP Care\",\"url\":\"https:\\\/\\\/mipcare.com\\\/es\\\/\",\"logo\":{\"@type\":\"ImageObject\",\"inLanguage\":\"es\",\"@id\":\"https:\\\/\\\/mipcare.com\\\/es\\\/#\\\/schema\\\/logo\\\/image\\\/\",\"url\":\"https:\\\/\\\/i0.wp.com\\\/mipcare.com\\\/wp-content\\\/uploads\\\/2025\\\/01\\\/MIPS20Curve20202320Transparent.png?fit=2173%2C2560&ssl=1\",\"contentUrl\":\"https:\\\/\\\/i0.wp.com\\\/mipcare.com\\\/wp-content\\\/uploads\\\/2025\\\/01\\\/MIPS20Curve20202320Transparent.png?fit=2173%2C2560&ssl=1\",\"width\":2173,\"height\":2560,\"caption\":\"MIP Care\"},\"image\":{\"@id\":\"https:\\\/\\\/mipcare.com\\\/es\\\/#\\\/schema\\\/logo\\\/image\\\/\"},\"sameAs\":[\"https:\\\/\\\/www.facebook.com\\\/MIPCareClinic\\\/\",\"https:\\\/\\\/www.instagram.com\\\/mip.mert\",\"https:\\\/\\\/www.tiktok.com\\\/@mip.mert?_t=8kjPECfRKAt&_r=1\",\"https:\\\/\\\/www.youtube.com\\\/@MIP_MeRT_Brain_Therapy_Clinic\"]},{\"@type\":\"Person\",\"@id\":\"https:\\\/\\\/mipcare.com\\\/es\\\/#\\\/schema\\\/person\\\/542ad727b41a582ff31ff3c16e513967\",\"name\":\"san antonio mip\",\"image\":{\"@type\":\"ImageObject\",\"inLanguage\":\"es\",\"@id\":\"https:\\\/\\\/secure.gravatar.com\\\/avatar\\\/f5e25c9247dd7bcbd2c692f7f7322078f0d27a3166a39baf1f3cb524859db7fe?s=96&d=mm&r=g\",\"url\":\"https:\\\/\\\/secure.gravatar.com\\\/avatar\\\/f5e25c9247dd7bcbd2c692f7f7322078f0d27a3166a39baf1f3cb524859db7fe?s=96&d=mm&r=g\",\"contentUrl\":\"https:\\\/\\\/secure.gravatar.com\\\/avatar\\\/f5e25c9247dd7bcbd2c692f7f7322078f0d27a3166a39baf1f3cb524859db7fe?s=96&d=mm&r=g\",\"caption\":\"san antonio mip\"},\"url\":\"https:\\\/\\\/mipcare.com\\\/es\\\/author\\\/san-antonio-mip\\\/\"}]}<\/script>\n<!-- \/ Yoast SEO Premium plugin. -->","yoast_head_json":{"title":"Contraindicaciones de la Terapia TMS - MIP Care","robots":{"index":"index","follow":"follow","max-snippet":"max-snippet:-1","max-image-preview":"max-image-preview:large","max-video-preview":"max-video-preview:-1"},"canonical":"https:\/\/mipcare.com\/es\/pagina-de-inicio-san-antonio\/tms\/contraindicaciones-del-tratamiento-tms\/","og_locale":"es_ES","og_type":"article","og_title":"Contraindicaciones de la Terapia TMS","og_description":"Contraindicaciones Contraindicaciones absolutas para el tratamiento de TMS cortical: marcapasos, desfibrilador, estimulador del nervio vago, derivaci\u00f3n VP\/derivaciones intracraneales magn\u00e9ticas, estimulador [&hellip;]","og_url":"https:\/\/mipcare.com\/es\/pagina-de-inicio-san-antonio\/tms\/contraindicaciones-del-tratamiento-tms\/","og_site_name":"MIP Care","article_publisher":"https:\/\/www.facebook.com\/MIPCareClinic\/","article_modified_time":"2025-12-10T17:01:31+00:00","og_image":[{"width":3873,"height":3873,"url":"https:\/\/i0.wp.com\/mipcare.com\/wp-content\/uploads\/2025\/02\/contraindications.jpeg?fit=3873%2C3873&ssl=1","type":"image\/jpeg"}],"twitter_card":"summary_large_image","twitter_misc":{"Tiempo de lectura":"1 minuto"},"schema":{"@context":"https:\/\/schema.org","@graph":[{"@type":"Article","@id":"https:\/\/mipcare.com\/es\/pagina-de-inicio-san-antonio\/tms\/contraindicaciones-del-tratamiento-tms\/#article","isPartOf":{"@id":"https:\/\/mipcare.com\/es\/pagina-de-inicio-san-antonio\/tms\/contraindicaciones-del-tratamiento-tms\/"},"author":{"name":"san antonio mip","@id":"https:\/\/mipcare.com\/es\/#\/schema\/person\/542ad727b41a582ff31ff3c16e513967"},"headline":"Contraindicaciones de la Terapia TMS","datePublished":"2025-11-15T08:11:34+00:00","dateModified":"2025-12-10T17:01:31+00:00","mainEntityOfPage":{"@id":"https:\/\/mipcare.com\/es\/pagina-de-inicio-san-antonio\/tms\/contraindicaciones-del-tratamiento-tms\/"},"wordCount":169,"publisher":{"@id":"https:\/\/mipcare.com\/es\/#organization"},"image":{"@id":"https:\/\/mipcare.com\/es\/pagina-de-inicio-san-antonio\/tms\/contraindicaciones-del-tratamiento-tms\/#primaryimage"},"thumbnailUrl":"https:\/\/i0.wp.com\/mipcare.com\/wp-content\/uploads\/2025\/02\/contraindications.jpeg?fit=300%2C300&amp;ssl=1","inLanguage":"es"},{"@type":["WebPage","MedicalWebPage"],"@id":"https:\/\/mipcare.com\/es\/pagina-de-inicio-san-antonio\/tms\/contraindicaciones-del-tratamiento-tms\/","url":"https:\/\/mipcare.com\/es\/pagina-de-inicio-san-antonio\/tms\/contraindicaciones-del-tratamiento-tms\/","name":"Contraindicaciones de la Terapia TMS - MIP Care","isPartOf":{"@id":"https:\/\/mipcare.com\/es\/#website"},"primaryImageOfPage":{"@id":"https:\/\/mipcare.com\/es\/pagina-de-inicio-san-antonio\/tms\/contraindicaciones-del-tratamiento-tms\/#primaryimage"},"image":{"@id":"https:\/\/mipcare.com\/es\/pagina-de-inicio-san-antonio\/tms\/contraindicaciones-del-tratamiento-tms\/#primaryimage"},"thumbnailUrl":"https:\/\/i0.wp.com\/mipcare.com\/wp-content\/uploads\/2025\/02\/contraindications.jpeg?fit=300%2C300&amp;ssl=1","datePublished":"2025-11-15T08:11:34+00:00","dateModified":"2025-12-10T17:01:31+00:00","breadcrumb":{"@id":"https:\/\/mipcare.com\/es\/pagina-de-inicio-san-antonio\/tms\/contraindicaciones-del-tratamiento-tms\/#breadcrumb"},"inLanguage":"es","potentialAction":[{"@type":"ReadAction","target":["https:\/\/mipcare.com\/es\/pagina-de-inicio-san-antonio\/tms\/contraindicaciones-del-tratamiento-tms\/"]}]},{"@type":"ImageObject","inLanguage":"es","@id":"https:\/\/mipcare.com\/es\/pagina-de-inicio-san-antonio\/tms\/contraindicaciones-del-tratamiento-tms\/#primaryimage","url":"https:\/\/i0.wp.com\/mipcare.com\/wp-content\/uploads\/2025\/02\/contraindications.jpeg?fit=300%2C300&amp;ssl=1","contentUrl":"https:\/\/i0.wp.com\/mipcare.com\/wp-content\/uploads\/2025\/02\/contraindications.jpeg?fit=300%2C300&amp;ssl=1"},{"@type":"BreadcrumbList","@id":"https:\/\/mipcare.com\/es\/pagina-de-inicio-san-antonio\/tms\/contraindicaciones-del-tratamiento-tms\/#breadcrumb","itemListElement":[{"@type":"ListItem","position":1,"name":"Home","item":"https:\/\/mipcare.com\/es\/inicio\/"},{"@type":"ListItem","position":2,"name":"P\u00e1gina De Inicio-San Antonio","item":"https:\/\/mipcare.com\/es\/pagina-de-inicio-san-antonio\/"},{"@type":"ListItem","position":3,"name":"TMS","item":"https:\/\/mipcare.com\/es\/pagina-de-inicio-san-antonio\/tms\/"},{"@type":"ListItem","position":4,"name":"Contraindicaciones de la Terapia TMS"}]},{"@type":"WebSite","@id":"https:\/\/mipcare.com\/es\/#website","url":"https:\/\/mipcare.com\/es\/","name":"MIP Care","description":"Brain Treatment Therapy","publisher":{"@id":"https:\/\/mipcare.com\/es\/#organization"},"potentialAction":[{"@type":"SearchAction","target":{"@type":"EntryPoint","urlTemplate":"https:\/\/mipcare.com\/es\/?s={search_term_string}"},"query-input":{"@type":"PropertyValueSpecification","valueRequired":true,"valueName":"search_term_string"}}],"inLanguage":"es"},{"@type":"Organization","@id":"https:\/\/mipcare.com\/es\/#organization","name":"MIP Care","url":"https:\/\/mipcare.com\/es\/","logo":{"@type":"ImageObject","inLanguage":"es","@id":"https:\/\/mipcare.com\/es\/#\/schema\/logo\/image\/","url":"https:\/\/i0.wp.com\/mipcare.com\/wp-content\/uploads\/2025\/01\/MIPS20Curve20202320Transparent.png?fit=2173%2C2560&ssl=1","contentUrl":"https:\/\/i0.wp.com\/mipcare.com\/wp-content\/uploads\/2025\/01\/MIPS20Curve20202320Transparent.png?fit=2173%2C2560&ssl=1","width":2173,"height":2560,"caption":"MIP Care"},"image":{"@id":"https:\/\/mipcare.com\/es\/#\/schema\/logo\/image\/"},"sameAs":["https:\/\/www.facebook.com\/MIPCareClinic\/","https:\/\/www.instagram.com\/mip.mert","https:\/\/www.tiktok.com\/@mip.mert?_t=8kjPECfRKAt&_r=1","https:\/\/www.youtube.com\/@MIP_MeRT_Brain_Therapy_Clinic"]},{"@type":"Person","@id":"https:\/\/mipcare.com\/es\/#\/schema\/person\/542ad727b41a582ff31ff3c16e513967","name":"san antonio mip","image":{"@type":"ImageObject","inLanguage":"es","@id":"https:\/\/secure.gravatar.com\/avatar\/f5e25c9247dd7bcbd2c692f7f7322078f0d27a3166a39baf1f3cb524859db7fe?s=96&d=mm&r=g","url":"https:\/\/secure.gravatar.com\/avatar\/f5e25c9247dd7bcbd2c692f7f7322078f0d27a3166a39baf1f3cb524859db7fe?s=96&d=mm&r=g","contentUrl":"https:\/\/secure.gravatar.com\/avatar\/f5e25c9247dd7bcbd2c692f7f7322078f0d27a3166a39baf1f3cb524859db7fe?s=96&d=mm&r=g","caption":"san antonio mip"},"url":"https:\/\/mipcare.com\/es\/author\/san-antonio-mip\/"}]}},"jetpack_likes_enabled":true,"jetpack_sharing_enabled":true,"jetpack_shortlink":"https:\/\/wp.me\/PfK3QS-2sq","jetpack-related-posts":[],"_links":{"self":[{"href":"https:\/\/mipcare.com\/es\/wp-json\/wp\/v2\/pages\/9450","targetHints":{"allow":["GET"]}}],"collection":[{"href":"https:\/\/mipcare.com\/es\/wp-json\/wp\/v2\/pages"}],"about":[{"href":"https:\/\/mipcare.com\/es\/wp-json\/wp\/v2\/types\/page"}],"author":[{"embeddable":true,"href":"https:\/\/mipcare.com\/es\/wp-json\/wp\/v2\/users\/8"}],"replies":[{"embeddable":true,"href":"https:\/\/mipcare.com\/es\/wp-json\/wp\/v2\/comments?post=9450"}],"version-history":[{"count":5,"href":"https:\/\/mipcare.com\/es\/wp-json\/wp\/v2\/pages\/9450\/revisions"}],"predecessor-version":[{"id":9459,"href":"https:\/\/mipcare.com\/es\/wp-json\/wp\/v2\/pages\/9450\/revisions\/9459"}],"up":[{"embeddable":true,"href":"https:\/\/mipcare.com\/es\/wp-json\/wp\/v2\/pages\/9489"}],"wp:attachment":[{"href":"https:\/\/mipcare.com\/es\/wp-json\/wp\/v2\/media?parent=9450"}],"curies":[{"name":"wp","href":"https:\/\/api.w.org\/{rel}","templated":true}]}}