{"id":9532,"date":"2025-11-15T15:47:50","date_gmt":"2025-11-15T15:47:50","guid":{"rendered":"https:\/\/mipcare.com\/inicio-houston\/tms\/preguntas-frecuentes\/"},"modified":"2025-12-11T20:50:10","modified_gmt":"2025-12-11T20:50:10","slug":"preguntas-frecuentes","status":"publish","type":"page","link":"https:\/\/mipcare.com\/es\/inicio-houston\/tms\/preguntas-frecuentes\/","title":{"rendered":"Preguntas Frecuentes"},"content":{"rendered":"\t\t<div data-elementor-type=\"wp-page\" data-elementor-id=\"9532\" class=\"elementor elementor-9532 elementor-7639\" data-elementor-post-type=\"page\">\n\t\t\t\t<div class=\"elementor-element elementor-element-a8983d4 e-con-full e-flex e-con e-parent\" data-id=\"a8983d4\" data-element_type=\"container\" data-e-type=\"container\" data-settings=\"{&quot;background_background&quot;:&quot;classic&quot;}\">\n\t\t\t\t<\/div>\n\t\t<div class=\"elementor-element elementor-element-1983822 e-flex e-con-boxed e-con e-parent\" data-id=\"1983822\" data-element_type=\"container\" data-e-type=\"container\">\n\t\t\t\t\t<div class=\"e-con-inner\">\n\t\t\t\t<div class=\"elementor-element elementor-element-6bf8238 elementor-widget elementor-widget-heading\" data-id=\"6bf8238\" data-element_type=\"widget\" data-e-type=\"widget\" data-widget_type=\"heading.default\">\n\t\t\t\t<div class=\"elementor-widget-container\">\n\t\t\t\t\t<h1 class=\"elementor-heading-title elementor-size-default\">Preguntas frecuentes<\/h1>\t\t\t\t<\/div>\n\t\t\t\t<\/div>\n\t\t\t\t<div class=\"elementor-element elementor-element-68f7a83 elementor-widget-divider--view-line elementor-widget elementor-widget-divider\" data-id=\"68f7a83\" data-element_type=\"widget\" data-e-type=\"widget\" data-widget_type=\"divider.default\">\n\t\t\t\t<div class=\"elementor-widget-container\">\n\t\t\t\t\t\t\t<div class=\"elementor-divider\">\n\t\t\t<span class=\"elementor-divider-separator\">\n\t\t\t\t\t\t<\/span>\n\t\t<\/div>\n\t\t\t\t\t\t<\/div>\n\t\t\t\t<\/div>\n\t\t\t\t\t<\/div>\n\t\t\t\t<\/div>\n\t\t<div class=\"elementor-element elementor-element-a79b3af e-flex e-con-boxed e-con e-parent\" data-id=\"a79b3af\" data-element_type=\"container\" data-e-type=\"container\">\n\t\t\t\t\t<div class=\"e-con-inner\">\n\t\t\t\t<div class=\"elementor-element elementor-element-1ba56e3 elementor-widget elementor-widget-text-editor\" data-id=\"1ba56e3\" data-element_type=\"widget\" data-e-type=\"widget\" data-widget_type=\"text-editor.default\">\n\t\t\t\t<div class=\"elementor-widget-container\">\n\t\t\t\t\t\t\t\t\t<h2><span style=\"text-decoration: underline;\">\u00bfQu\u00e9 es la terapia TMS (Estimulaci\u00f3n Magn\u00e9tica Transcraneal)?<\/span><\/h2><p>La terapia TMS (Estimulaci\u00f3n Magn\u00e9tica Transcraneal) utiliza campos magn\u00e9ticos para estimular las c\u00e9lulas nerviosas del cerebro, dirigi\u00e9ndose espec\u00edficamente a las \u00e1reas implicadas en la regulaci\u00f3n del estado de \u00e1nimo.<\/p><h2><span style=\"text-decoration: underline;\">\u00bfC\u00f3mo funciona la Terapia TMS?<\/span><\/h2><p>La terapia TMS (Estimulaci\u00f3n Magn\u00e9tica Transcraneal) funciona enviando pulsos magn\u00e9ticos cortos a \u00e1reas espec\u00edficas del cerebro, lo que puede ayudar a mejorar los s\u00edntomas de la depresi\u00f3n y otros trastornos de salud mental.<\/p><h2><span style=\"text-decoration: underline;\">\u00bfEst\u00e1 la Terapia TMS aprobada por la FDA?<\/span><\/h2><p>S\u00ed, la terapia TMS est\u00e1 aprobada por la FDA para el tratamiento del Trastorno Depresivo Mayor (TDM), la Depresi\u00f3n Resistente al Tratamiento (TRD), el Trastorno Obsesivo Compulsivo (TOC) y la adicci\u00f3n.<\/p><h2><span style=\"text-decoration: underline;\">\u00bfCu\u00e1l es la duraci\u00f3n t\u00edpica de la terapia TMS?<\/span><\/h2><p>La duraci\u00f3n media de la terapia TMS es de unas 6 semanas, con sesiones de entre 20 y 40 minutos cada una. Algunos pacientes pueden necesitar m\u00e1s o menos, todo determinado durante la consulta inicial con el m\u00e9dico. <\/p><h2><span style=\"text-decoration: underline;\">\u00bfNecesito una derivaci\u00f3n para empezar la terapia TMS?<\/span><\/h2><p>Normalmente no se requiere una derivaci\u00f3n. Normalmente, un neur\u00f3logo, psiquiatra o un psiquiatra, NP o PA pueden derivar a un paciente para TMS. <\/p><h2><span style=\"text-decoration: underline;\">\u00bfEs segura la terapia TMS?<\/span><\/h2><p>S\u00ed, el TMS es una opci\u00f3n de tratamiento segura y no invasiva. Se ha utilizado en el \u00e1mbito m\u00e9dico desde la d\u00e9cada de 1980. <\/p><p> <\/p><h2><span style=\"text-decoration: underline;\">\u00bfC\u00f3mo se siente la TMS?<\/span><\/h2><p>Mientras el paciente se sienta c\u00f3modamente en un sill\u00f3n reclinable, una bobina magn\u00e9tica descansa sobre la cabeza del paciente y administra la terapia electromagn\u00e9tica. El paciente puede sentir una sensaci\u00f3n suave e indolora de golpeteo contra el cuero cabelludo donde se coloca la bobina magn\u00e9tica. <\/p><h2><span style=\"text-decoration: underline;\">\u00bfHay alg\u00fan efecto secundario con TMS?<\/span><\/h2><p>En general, la terapia TMS es una terapia relativamente segura y bien tolerada. Pueden presentarse efectos secundarios leves como dolor de cabeza, molestias en el cuero cabelludo, hiperactividad e insomnio, pero en general son temporales y f\u00e1ciles de controlar. Los efectos secundarios graves como las convulsiones son muy raros (1 de cada 10.000 casos).  <\/p><h2><span style=\"text-decoration: underline;\">\u00bfQu\u00e9 tan efectivo es TMS?<\/span><\/h2><p>En pacientes con depresi\u00f3n y TOC, el 75% de los que completan una terapia TMS completa (normalmente entre 6 y 8 semanas) muestran alguna respuesta cl\u00ednica y el 50% experimenta una remisi\u00f3n total de sus s\u00edntomas. A veces, los pacientes pueden ver los efectos positivos de la EMT dos semanas despu\u00e9s de empezar la terapia. Los estudios han demostrado que la EMT puede reducir significativamente los antojos de sustancias como el alcohol y los opioides, ayudando a los pacientes a resistir los impulsos y mantener la sobriedad.  <\/p><h2><span style=\"text-decoration: underline;\">\u00bfCu\u00e1ntas sesiones de TMS necesitar\u00e9?<\/span><\/h2><p>El n\u00famero de sesiones puede variar, pero la mayor\u00eda de los pacientes suelen someterse a 20 a 30 sesiones durante el periodo de tratamiento.<\/p><h2><span style=\"text-decoration: underline;\">\u00bfSe puede combinar la terapia TMS con otras terapias?<\/span><\/h2><p>S\u00ed, se ha demostrado que combinar la terapia TMS con la terapia de conversaci\u00f3n da mejores resultados en comparaci\u00f3n que con TMS sola.<\/p><h2><span style=\"text-decoration: underline;\">\u00bfCu\u00e1nto tiempo tardo en volver a mis actividades diarias despu\u00e9s de una sesi\u00f3n?<\/span><\/h2><p>Puedes retomar tus actividades normales inmediatamente despu\u00e9s de cada sesi\u00f3n de TMS, ya que no requiere tiempo de descanso.<\/p><h2><span style=\"text-decoration: underline;\">\u00bfExiste alg\u00fan l\u00edmite de edad para la terapia TMS?<\/span><\/h2><p>La terapia TMS es generalmente adecuada para adultos y adolescentes de 13 a\u00f1os o m\u00e1s, aunque durante la consulta se realizar\u00e1n evaluaciones individuales.<\/p><h2><span style=\"text-decoration: underline;\">\u00bfEl seguro cubre la terapia TMS?<\/span><\/h2><p>TMS est\u00e1 aprobada por la FDA para la depresi\u00f3n y el TOC, por lo que muchos seguros cubren la terapia TMS. Lo mejor es consultar con tu aseguradora para obtener detalles espec\u00edficos de la cobertura. <\/p><h2><span style=\"text-decoration: underline;\">\u00bfC\u00f3mo s\u00e9 si la terapia TMS es adecuada para m\u00ed?<\/span><\/h2><p>La mejor manera de determinar si TMS es adecuada para ti es concertar una consulta gratuita con nuestro m\u00e9dico, que evaluar\u00e1 tu condici\u00f3n y opciones de tratamiento.<\/p><h2><span style=\"text-decoration: underline;\">\u00bfQu\u00e9 ocurre durante la consulta inicial?<\/span><\/h2><p>Durante la consulta inicial, hablaremos de tu historial m\u00e9dico, s\u00edntomas y objetivos de tratamiento para evaluar tu idoneidad para la terapia TMS.<\/p><h2><span style=\"text-decoration: underline;\">\u00bfCu\u00e1les son las contraindicaciones para la terapia TMS?<\/span><\/h2><p>Como TMS utiliza campos magn\u00e9ticos, los pacientes con implantes o tornillos met\u00e1licos no pueden recibir este tratamiento. Adem\u00e1s, aunque el riesgo de convulsiones es muy bajo, las personas con diagn\u00f3stico de epilepsia no son candidatas para la terapia TMS. <\/p>\t\t\t\t\t\t\t\t<\/div>\n\t\t\t\t<\/div>\n\t\t\t\t\t<\/div>\n\t\t\t\t<\/div>\n\t\t\t\t<\/div>\n\t\t","protected":false},"excerpt":{"rendered":"<p>Preguntas frecuentes \u00bfQu\u00e9 es la terapia TMS (Estimulaci\u00f3n Magn\u00e9tica Transcraneal)? La terapia TMS (Estimulaci\u00f3n Magn\u00e9tica Transcraneal) utiliza campos magn\u00e9ticos para [&hellip;]<\/p>\n","protected":false},"author":7,"featured_media":0,"parent":9478,"menu_order":0,"comment_status":"closed","ping_status":"closed","template":"","meta":{"_yoast_wpseo_title":"","_yoast_wpseo_metadesc":"","site-sidebar-layout":"no-sidebar","site-content-layout":"","ast-site-content-layout":"full-width-container","site-content-style":"default","site-sidebar-style":"default","ast-global-header-display":"","ast-banner-title-visibility":"","ast-main-header-display":"","ast-hfb-above-header-display":"","ast-hfb-below-header-display":"","ast-hfb-mobile-header-display":"","site-post-title":"disabled","ast-breadcrumbs-content":"","ast-featured-img":"disabled","footer-sml-layout":"","theme-transparent-header-meta":"","adv-header-id-meta":"","stick-header-meta":"","header-above-stick-meta":"","header-main-stick-meta":"","header-below-stick-meta":"","astra-migrate-meta-layouts":"default","ast-page-background-enabled":"default","ast-page-background-meta":{"desktop":{"background-color":"var(--ast-global-color-5)","background-image":"","background-repeat":"repeat","background-position":"center center","background-size":"auto","background-attachment":"scroll","background-type":"","background-media":"","overlay-type":"","overlay-color":"","overlay-opacity":"","overlay-gradient":""},"tablet":{"background-color":"","background-image":"","background-repeat":"repeat","background-position":"center center","background-size":"auto","background-attachment":"scroll","background-type":"","background-media":"","overlay-type":"","overlay-color":"","overlay-opacity":"","overlay-gradient":""},"mobile":{"background-color":"","background-image":"","background-repeat":"repeat","background-position":"center center","background-size":"auto","background-attachment":"scroll","background-type":"","background-media":"","overlay-type":"","overlay-color":"","overlay-opacity":"","overlay-gradient":""}},"ast-content-background-meta":{"desktop":{"background-color":"var(--ast-global-color-4)","background-image":"","background-repeat":"repeat","background-position":"center center","background-size":"auto","background-attachment":"scroll","background-type":"","background-media":"","overlay-type":"","overlay-color":"","overlay-opacity":"","overlay-gradient":""},"tablet":{"background-color":"var(--ast-global-color-4)","background-image":"","background-repeat":"repeat","background-position":"center center","background-size":"auto","background-attachment":"scroll","background-type":"","background-media":"","overlay-type":"","overlay-color":"","overlay-opacity":"","overlay-gradient":""},"mobile":{"background-color":"var(--ast-global-color-4)","background-image":"","background-repeat":"repeat","background-position":"center center","background-size":"auto","background-attachment":"scroll","background-type":"","background-media":"","overlay-type":"","overlay-color":"","overlay-opacity":"","overlay-gradient":""}},"_metasync_otto_title":"","_metasync_otto_description":"","rank_math_title":"","rank_math_description":"","footnotes":""},"class_list":["post-9532","page","type-page","status-publish","hentry"],"yoast_head":"<!-- This site is optimized with the Yoast SEO Premium plugin v26.7 (Yoast SEO v27.5) - https:\/\/yoast.com\/product\/yoast-seo-premium-wordpress\/ -->\n<title>Preguntas Frecuentes - MIP Care<\/title>\n<meta name=\"robots\" content=\"index, follow, max-snippet:-1, max-image-preview:large, max-video-preview:-1\" \/>\n<link rel=\"canonical\" href=\"https:\/\/mipcare.com\/es\/inicio-houston\/tms\/preguntas-frecuentes\/\" \/>\n<meta property=\"og:locale\" content=\"es_ES\" \/>\n<meta property=\"og:type\" content=\"article\" \/>\n<meta property=\"og:title\" content=\"Preguntas Frecuentes\" \/>\n<meta property=\"og:description\" content=\"Preguntas frecuentes \u00bfQu\u00e9 es la terapia TMS (Estimulaci\u00f3n Magn\u00e9tica Transcraneal)? La terapia TMS (Estimulaci\u00f3n Magn\u00e9tica Transcraneal) utiliza campos magn\u00e9ticos para [&hellip;]\" \/>\n<meta property=\"og:url\" content=\"https:\/\/mipcare.com\/es\/inicio-houston\/tms\/preguntas-frecuentes\/\" \/>\n<meta property=\"og:site_name\" content=\"MIP Care\" \/>\n<meta property=\"article:publisher\" content=\"https:\/\/www.facebook.com\/MIPCareClinic\/\" \/>\n<meta property=\"article:modified_time\" content=\"2025-12-11T20:50:10+00:00\" \/>\n<meta property=\"og:image\" content=\"https:\/\/i0.wp.com\/mipcare.com\/wp-content\/uploads\/2025\/01\/MIPS20Curve20202320Transparent.png?fit=2173%2C2560&ssl=1\" \/>\n\t<meta property=\"og:image:width\" content=\"2173\" \/>\n\t<meta property=\"og:image:height\" content=\"2560\" \/>\n\t<meta property=\"og:image:type\" content=\"image\/png\" \/>\n<meta name=\"twitter:card\" content=\"summary_large_image\" \/>\n<meta name=\"twitter:label1\" content=\"Tiempo de lectura\" \/>\n\t<meta name=\"twitter:data1\" content=\"4 minutos\" \/>\n<script type=\"application\/ld+json\" class=\"yoast-schema-graph\">{\"@context\":\"https:\\\/\\\/schema.org\",\"@graph\":[{\"@type\":\"Article\",\"@id\":\"https:\\\/\\\/mipcare.com\\\/es\\\/inicio-houston\\\/tms\\\/preguntas-frecuentes\\\/#article\",\"isPartOf\":{\"@id\":\"https:\\\/\\\/mipcare.com\\\/es\\\/inicio-houston\\\/tms\\\/preguntas-frecuentes\\\/\"},\"author\":{\"name\":\"houston mip\",\"@id\":\"https:\\\/\\\/mipcare.com\\\/es\\\/#\\\/schema\\\/person\\\/e65c5aaf687714ef0608f6efed7fa6ab\"},\"headline\":\"Preguntas Frecuentes\",\"datePublished\":\"2025-11-15T15:47:50+00:00\",\"dateModified\":\"2025-12-11T20:50:10+00:00\",\"mainEntityOfPage\":{\"@id\":\"https:\\\/\\\/mipcare.com\\\/es\\\/inicio-houston\\\/tms\\\/preguntas-frecuentes\\\/\"},\"wordCount\":763,\"publisher\":{\"@id\":\"https:\\\/\\\/mipcare.com\\\/es\\\/#organization\"},\"inLanguage\":\"es\"},{\"@type\":[\"WebPage\",\"MedicalWebPage\"],\"@id\":\"https:\\\/\\\/mipcare.com\\\/es\\\/inicio-houston\\\/tms\\\/preguntas-frecuentes\\\/\",\"url\":\"https:\\\/\\\/mipcare.com\\\/es\\\/inicio-houston\\\/tms\\\/preguntas-frecuentes\\\/\",\"name\":\"Preguntas Frecuentes - MIP Care\",\"isPartOf\":{\"@id\":\"https:\\\/\\\/mipcare.com\\\/es\\\/#website\"},\"datePublished\":\"2025-11-15T15:47:50+00:00\",\"dateModified\":\"2025-12-11T20:50:10+00:00\",\"breadcrumb\":{\"@id\":\"https:\\\/\\\/mipcare.com\\\/es\\\/inicio-houston\\\/tms\\\/preguntas-frecuentes\\\/#breadcrumb\"},\"inLanguage\":\"es\",\"potentialAction\":[{\"@type\":\"ReadAction\",\"target\":[\"https:\\\/\\\/mipcare.com\\\/es\\\/inicio-houston\\\/tms\\\/preguntas-frecuentes\\\/\"]}]},{\"@type\":\"BreadcrumbList\",\"@id\":\"https:\\\/\\\/mipcare.com\\\/es\\\/inicio-houston\\\/tms\\\/preguntas-frecuentes\\\/#breadcrumb\",\"itemListElement\":[{\"@type\":\"ListItem\",\"position\":1,\"name\":\"Home\",\"item\":\"https:\\\/\\\/mipcare.com\\\/es\\\/inicio\\\/\"},{\"@type\":\"ListItem\",\"position\":2,\"name\":\"Inicio-Houston\",\"item\":\"https:\\\/\\\/mipcare.com\\\/es\\\/inicio-houston\\\/\"},{\"@type\":\"ListItem\",\"position\":3,\"name\":\"TMS\",\"item\":\"https:\\\/\\\/mipcare.com\\\/es\\\/inicio-houston\\\/tms\\\/\"},{\"@type\":\"ListItem\",\"position\":4,\"name\":\"Preguntas Frecuentes\"}]},{\"@type\":\"WebSite\",\"@id\":\"https:\\\/\\\/mipcare.com\\\/es\\\/#website\",\"url\":\"https:\\\/\\\/mipcare.com\\\/es\\\/\",\"name\":\"MIP Care\",\"description\":\"Brain Treatment Therapy\",\"publisher\":{\"@id\":\"https:\\\/\\\/mipcare.com\\\/es\\\/#organization\"},\"potentialAction\":[{\"@type\":\"SearchAction\",\"target\":{\"@type\":\"EntryPoint\",\"urlTemplate\":\"https:\\\/\\\/mipcare.com\\\/es\\\/?s={search_term_string}\"},\"query-input\":{\"@type\":\"PropertyValueSpecification\",\"valueRequired\":true,\"valueName\":\"search_term_string\"}}],\"inLanguage\":\"es\"},{\"@type\":\"Organization\",\"@id\":\"https:\\\/\\\/mipcare.com\\\/es\\\/#organization\",\"name\":\"MIP Care\",\"url\":\"https:\\\/\\\/mipcare.com\\\/es\\\/\",\"logo\":{\"@type\":\"ImageObject\",\"inLanguage\":\"es\",\"@id\":\"https:\\\/\\\/mipcare.com\\\/es\\\/#\\\/schema\\\/logo\\\/image\\\/\",\"url\":\"https:\\\/\\\/i0.wp.com\\\/mipcare.com\\\/wp-content\\\/uploads\\\/2025\\\/01\\\/MIPS20Curve20202320Transparent.png?fit=2173%2C2560&ssl=1\",\"contentUrl\":\"https:\\\/\\\/i0.wp.com\\\/mipcare.com\\\/wp-content\\\/uploads\\\/2025\\\/01\\\/MIPS20Curve20202320Transparent.png?fit=2173%2C2560&ssl=1\",\"width\":2173,\"height\":2560,\"caption\":\"MIP Care\"},\"image\":{\"@id\":\"https:\\\/\\\/mipcare.com\\\/es\\\/#\\\/schema\\\/logo\\\/image\\\/\"},\"sameAs\":[\"https:\\\/\\\/www.facebook.com\\\/MIPCareClinic\\\/\",\"https:\\\/\\\/www.instagram.com\\\/mip.mert\",\"https:\\\/\\\/www.tiktok.com\\\/@mip.mert?_t=8kjPECfRKAt&_r=1\",\"https:\\\/\\\/www.youtube.com\\\/@MIP_MeRT_Brain_Therapy_Clinic\"]},{\"@type\":\"Person\",\"@id\":\"https:\\\/\\\/mipcare.com\\\/es\\\/#\\\/schema\\\/person\\\/e65c5aaf687714ef0608f6efed7fa6ab\",\"name\":\"houston mip\",\"image\":{\"@type\":\"ImageObject\",\"inLanguage\":\"es\",\"@id\":\"https:\\\/\\\/secure.gravatar.com\\\/avatar\\\/72759737fefbb735ff5bcf05ff10da757736c56604cc15d16d262f70ac0174e2?s=96&d=mm&r=g\",\"url\":\"https:\\\/\\\/secure.gravatar.com\\\/avatar\\\/72759737fefbb735ff5bcf05ff10da757736c56604cc15d16d262f70ac0174e2?s=96&d=mm&r=g\",\"contentUrl\":\"https:\\\/\\\/secure.gravatar.com\\\/avatar\\\/72759737fefbb735ff5bcf05ff10da757736c56604cc15d16d262f70ac0174e2?s=96&d=mm&r=g\",\"caption\":\"houston mip\"},\"url\":\"https:\\\/\\\/mipcare.com\\\/es\\\/author\\\/houston-mip\\\/\"}]}<\/script>\n<!-- \/ Yoast SEO Premium plugin. -->","yoast_head_json":{"title":"Preguntas Frecuentes - MIP Care","robots":{"index":"index","follow":"follow","max-snippet":"max-snippet:-1","max-image-preview":"max-image-preview:large","max-video-preview":"max-video-preview:-1"},"canonical":"https:\/\/mipcare.com\/es\/inicio-houston\/tms\/preguntas-frecuentes\/","og_locale":"es_ES","og_type":"article","og_title":"Preguntas Frecuentes","og_description":"Preguntas frecuentes \u00bfQu\u00e9 es la terapia TMS (Estimulaci\u00f3n Magn\u00e9tica Transcraneal)? La terapia TMS (Estimulaci\u00f3n Magn\u00e9tica Transcraneal) utiliza campos magn\u00e9ticos para [&hellip;]","og_url":"https:\/\/mipcare.com\/es\/inicio-houston\/tms\/preguntas-frecuentes\/","og_site_name":"MIP Care","article_publisher":"https:\/\/www.facebook.com\/MIPCareClinic\/","article_modified_time":"2025-12-11T20:50:10+00:00","og_image":[{"width":2173,"height":2560,"url":"https:\/\/i0.wp.com\/mipcare.com\/wp-content\/uploads\/2025\/01\/MIPS20Curve20202320Transparent.png?fit=2173%2C2560&ssl=1","type":"image\/png"}],"twitter_card":"summary_large_image","twitter_misc":{"Tiempo de lectura":"4 minutos"},"schema":{"@context":"https:\/\/schema.org","@graph":[{"@type":"Article","@id":"https:\/\/mipcare.com\/es\/inicio-houston\/tms\/preguntas-frecuentes\/#article","isPartOf":{"@id":"https:\/\/mipcare.com\/es\/inicio-houston\/tms\/preguntas-frecuentes\/"},"author":{"name":"houston mip","@id":"https:\/\/mipcare.com\/es\/#\/schema\/person\/e65c5aaf687714ef0608f6efed7fa6ab"},"headline":"Preguntas Frecuentes","datePublished":"2025-11-15T15:47:50+00:00","dateModified":"2025-12-11T20:50:10+00:00","mainEntityOfPage":{"@id":"https:\/\/mipcare.com\/es\/inicio-houston\/tms\/preguntas-frecuentes\/"},"wordCount":763,"publisher":{"@id":"https:\/\/mipcare.com\/es\/#organization"},"inLanguage":"es"},{"@type":["WebPage","MedicalWebPage"],"@id":"https:\/\/mipcare.com\/es\/inicio-houston\/tms\/preguntas-frecuentes\/","url":"https:\/\/mipcare.com\/es\/inicio-houston\/tms\/preguntas-frecuentes\/","name":"Preguntas Frecuentes - MIP Care","isPartOf":{"@id":"https:\/\/mipcare.com\/es\/#website"},"datePublished":"2025-11-15T15:47:50+00:00","dateModified":"2025-12-11T20:50:10+00:00","breadcrumb":{"@id":"https:\/\/mipcare.com\/es\/inicio-houston\/tms\/preguntas-frecuentes\/#breadcrumb"},"inLanguage":"es","potentialAction":[{"@type":"ReadAction","target":["https:\/\/mipcare.com\/es\/inicio-houston\/tms\/preguntas-frecuentes\/"]}]},{"@type":"BreadcrumbList","@id":"https:\/\/mipcare.com\/es\/inicio-houston\/tms\/preguntas-frecuentes\/#breadcrumb","itemListElement":[{"@type":"ListItem","position":1,"name":"Home","item":"https:\/\/mipcare.com\/es\/inicio\/"},{"@type":"ListItem","position":2,"name":"Inicio-Houston","item":"https:\/\/mipcare.com\/es\/inicio-houston\/"},{"@type":"ListItem","position":3,"name":"TMS","item":"https:\/\/mipcare.com\/es\/inicio-houston\/tms\/"},{"@type":"ListItem","position":4,"name":"Preguntas Frecuentes"}]},{"@type":"WebSite","@id":"https:\/\/mipcare.com\/es\/#website","url":"https:\/\/mipcare.com\/es\/","name":"MIP Care","description":"Brain Treatment Therapy","publisher":{"@id":"https:\/\/mipcare.com\/es\/#organization"},"potentialAction":[{"@type":"SearchAction","target":{"@type":"EntryPoint","urlTemplate":"https:\/\/mipcare.com\/es\/?s={search_term_string}"},"query-input":{"@type":"PropertyValueSpecification","valueRequired":true,"valueName":"search_term_string"}}],"inLanguage":"es"},{"@type":"Organization","@id":"https:\/\/mipcare.com\/es\/#organization","name":"MIP Care","url":"https:\/\/mipcare.com\/es\/","logo":{"@type":"ImageObject","inLanguage":"es","@id":"https:\/\/mipcare.com\/es\/#\/schema\/logo\/image\/","url":"https:\/\/i0.wp.com\/mipcare.com\/wp-content\/uploads\/2025\/01\/MIPS20Curve20202320Transparent.png?fit=2173%2C2560&ssl=1","contentUrl":"https:\/\/i0.wp.com\/mipcare.com\/wp-content\/uploads\/2025\/01\/MIPS20Curve20202320Transparent.png?fit=2173%2C2560&ssl=1","width":2173,"height":2560,"caption":"MIP Care"},"image":{"@id":"https:\/\/mipcare.com\/es\/#\/schema\/logo\/image\/"},"sameAs":["https:\/\/www.facebook.com\/MIPCareClinic\/","https:\/\/www.instagram.com\/mip.mert","https:\/\/www.tiktok.com\/@mip.mert?_t=8kjPECfRKAt&_r=1","https:\/\/www.youtube.com\/@MIP_MeRT_Brain_Therapy_Clinic"]},{"@type":"Person","@id":"https:\/\/mipcare.com\/es\/#\/schema\/person\/e65c5aaf687714ef0608f6efed7fa6ab","name":"houston mip","image":{"@type":"ImageObject","inLanguage":"es","@id":"https:\/\/secure.gravatar.com\/avatar\/72759737fefbb735ff5bcf05ff10da757736c56604cc15d16d262f70ac0174e2?s=96&d=mm&r=g","url":"https:\/\/secure.gravatar.com\/avatar\/72759737fefbb735ff5bcf05ff10da757736c56604cc15d16d262f70ac0174e2?s=96&d=mm&r=g","contentUrl":"https:\/\/secure.gravatar.com\/avatar\/72759737fefbb735ff5bcf05ff10da757736c56604cc15d16d262f70ac0174e2?s=96&d=mm&r=g","caption":"houston mip"},"url":"https:\/\/mipcare.com\/es\/author\/houston-mip\/"}]}},"jetpack_likes_enabled":true,"jetpack_sharing_enabled":true,"jetpack_shortlink":"https:\/\/wp.me\/PfK3QS-2tK","jetpack-related-posts":[],"_links":{"self":[{"href":"https:\/\/mipcare.com\/es\/wp-json\/wp\/v2\/pages\/9532","targetHints":{"allow":["GET"]}}],"collection":[{"href":"https:\/\/mipcare.com\/es\/wp-json\/wp\/v2\/pages"}],"about":[{"href":"https:\/\/mipcare.com\/es\/wp-json\/wp\/v2\/types\/page"}],"author":[{"embeddable":true,"href":"https:\/\/mipcare.com\/es\/wp-json\/wp\/v2\/users\/7"}],"replies":[{"embeddable":true,"href":"https:\/\/mipcare.com\/es\/wp-json\/wp\/v2\/comments?post=9532"}],"version-history":[{"count":1,"href":"https:\/\/mipcare.com\/es\/wp-json\/wp\/v2\/pages\/9532\/revisions"}],"predecessor-version":[{"id":9533,"href":"https:\/\/mipcare.com\/es\/wp-json\/wp\/v2\/pages\/9532\/revisions\/9533"}],"up":[{"embeddable":true,"href":"https:\/\/mipcare.com\/es\/wp-json\/wp\/v2\/pages\/9478"}],"wp:attachment":[{"href":"https:\/\/mipcare.com\/es\/wp-json\/wp\/v2\/media?parent=9532"}],"curies":[{"name":"wp","href":"https:\/\/api.w.org\/{rel}","templated":true}]}}